{"id":2,"date":"2022-05-05T18:10:10","date_gmt":"2022-05-05T18:10:10","guid":{"rendered":"http:\/\/cmwola.pl\/?page_id=2"},"modified":"2026-05-10T20:39:15","modified_gmt":"2026-05-10T20:39:15","slug":"sample-page","status":"publish","type":"page","link":"https:\/\/cmwola.pl\/","title":{"rendered":"O nas"},"content":{"rendered":"\n<div class=\"wp-block-columns is-layout-flex wp-container-core-columns-is-layout-1 wp-block-columns-is-layout-flex\">\n<div class=\"wp-block-column is-layout-flow wp-block-column-is-layout-flow\">\n<h2 class=\"wp-block-heading has-text-color has-link-color wp-elements-484cac3280402fb67cb39b11ec10e486\" style=\"color:#002d56;font-size:48px\">Dbamy o zdrowie Twoich pracownik\u00f3w i rodziny<\/h2>\n\n\n\n<p class=\"has-medium-font-size\">Medycyna pracy i stomatologia w jednym miejscu \u2013 od 25 lat<\/p>\n\n\n\n<p class=\"has-vivid-red-color has-text-color has-link-color wp-elements-17aaad605702e7bb3a7abf047b4b4e83\"> <\/p>\n\n\n\n<p><\/p>\n<\/div>\n\n\n\n<div class=\"wp-block-column is-layout-flow wp-block-column-is-layout-flow\" style=\"padding-top:0;padding-right:0;padding-bottom:0;padding-left:0\">\n<figure class=\"wp-block-image size-full is-style-default wp-duotone-unset-1\"><img loading=\"lazy\" decoding=\"async\" width=\"620\" height=\"620\" src=\"http:\/\/cmwola.pl\/wp-content\/uploads\/2025\/06\/ed7f5cc0-9dde-43f5-8ffc-658fea22cbb5-edited-1.png\" alt=\"\" class=\"wp-image-62\" style=\"box-shadow:none\" srcset=\"https:\/\/cmwola.pl\/wp-content\/uploads\/2025\/06\/ed7f5cc0-9dde-43f5-8ffc-658fea22cbb5-edited-1.png 620w, https:\/\/cmwola.pl\/wp-content\/uploads\/2025\/06\/ed7f5cc0-9dde-43f5-8ffc-658fea22cbb5-edited-1-300x300.png 300w, https:\/\/cmwola.pl\/wp-content\/uploads\/2025\/06\/ed7f5cc0-9dde-43f5-8ffc-658fea22cbb5-edited-1-150x150.png 150w\" sizes=\"(max-width: 620px) 100vw, 620px\" \/><\/figure>\n<\/div>\n<\/div>\n\n\n\n<div class=\"wp-block-columns is-layout-flex wp-container-core-columns-is-layout-2 wp-block-columns-is-layout-flex\">\n<div class=\"wp-block-column is-layout-flow wp-block-column-is-layout-flow\">\n<div class=\"wp-block-media-text is-stacked-on-mobile\"><figure class=\"wp-block-media-text__media\"><img loading=\"lazy\" decoding=\"async\" width=\"1024\" height=\"1024\" src=\"http:\/\/cmwola.pl\/wp-content\/uploads\/2025\/06\/ChatGPT-Image-23-cze-2025-00_49_41.png\" alt=\"\" class=\"wp-image-74 size-full\" srcset=\"https:\/\/cmwola.pl\/wp-content\/uploads\/2025\/06\/ChatGPT-Image-23-cze-2025-00_49_41.png 1024w, https:\/\/cmwola.pl\/wp-content\/uploads\/2025\/06\/ChatGPT-Image-23-cze-2025-00_49_41-300x300.png 300w, https:\/\/cmwola.pl\/wp-content\/uploads\/2025\/06\/ChatGPT-Image-23-cze-2025-00_49_41-150x150.png 150w, https:\/\/cmwola.pl\/wp-content\/uploads\/2025\/06\/ChatGPT-Image-23-cze-2025-00_49_41-768x768.png 768w\" sizes=\"(max-width: 1024px) 100vw, 1024px\" \/><\/figure><div class=\"wp-block-media-text__content\">\n<p>Medycyna pracy<\/p>\n<\/div><\/div>\n<\/div>\n\n\n\n<div class=\"wp-block-column is-layout-flow wp-block-column-is-layout-flow\">\n<div class=\"wp-block-media-text is-stacked-on-mobile\"><figure class=\"wp-block-media-text__media\"><img loading=\"lazy\" decoding=\"async\" width=\"1024\" height=\"1024\" src=\"http:\/\/cmwola.pl\/wp-content\/uploads\/2025\/06\/ChatGPT-Image-23-cze-2025-00_44_31.png\" alt=\"\" class=\"wp-image-73 size-full\" srcset=\"https:\/\/cmwola.pl\/wp-content\/uploads\/2025\/06\/ChatGPT-Image-23-cze-2025-00_44_31.png 1024w, https:\/\/cmwola.pl\/wp-content\/uploads\/2025\/06\/ChatGPT-Image-23-cze-2025-00_44_31-300x300.png 300w, https:\/\/cmwola.pl\/wp-content\/uploads\/2025\/06\/ChatGPT-Image-23-cze-2025-00_44_31-150x150.png 150w, https:\/\/cmwola.pl\/wp-content\/uploads\/2025\/06\/ChatGPT-Image-23-cze-2025-00_44_31-768x768.png 768w\" sizes=\"(max-width: 1024px) 100vw, 1024px\" \/><\/figure><div class=\"wp-block-media-text__content\">\n<p>Stomatolog<\/p>\n<\/div><\/div>\n<\/div>\n\n\n\n<div class=\"wp-block-column is-layout-flow wp-block-column-is-layout-flow\">\n<div class=\"wp-block-media-text is-stacked-on-mobile\"><figure class=\"wp-block-media-text__media\"><a href=\"https:\/\/g.co\/kgs\/17gAK5M\"><img loading=\"lazy\" decoding=\"async\" width=\"1024\" height=\"1024\" src=\"http:\/\/cmwola.pl\/wp-content\/uploads\/2025\/06\/ChatGPT-Image-23-cze-2025-00_51_55.png\" alt=\"\" class=\"wp-image-75 size-full\" srcset=\"https:\/\/cmwola.pl\/wp-content\/uploads\/2025\/06\/ChatGPT-Image-23-cze-2025-00_51_55.png 1024w, https:\/\/cmwola.pl\/wp-content\/uploads\/2025\/06\/ChatGPT-Image-23-cze-2025-00_51_55-300x300.png 300w, https:\/\/cmwola.pl\/wp-content\/uploads\/2025\/06\/ChatGPT-Image-23-cze-2025-00_51_55-150x150.png 150w, https:\/\/cmwola.pl\/wp-content\/uploads\/2025\/06\/ChatGPT-Image-23-cze-2025-00_51_55-768x768.png 768w\" sizes=\"(max-width: 1024px) 100vw, 1024px\" \/><\/a><\/figure><div class=\"wp-block-media-text__content\">\n<p>Lokalizacja<\/p>\n<\/div><\/div>\n\n\n\n<div class=\"wp-block-buttons is-layout-flex wp-block-buttons-is-layout-flex\"><\/div>\n<\/div>\n<\/div>\n\n\n\n<blockquote class=\"wp-block-quote is-layout-flow wp-block-quote-is-layout-flow\">\n<p>Obs\u0142uga zak\u0142ad\u00f3w pracy<\/p>\n<cite>Zajmujemy si\u0119&nbsp;<strong>kompleksow\u0105 obs\u0142ug\u0105 zak\u0142ad\u00f3w pracy<\/strong>&nbsp;w zakresie bada\u0144 profilaktycznych, jak i szeroko rozumianej opieki lekarskiej do wizyt domowych w\u0142\u0105cznie.<\/cite><\/blockquote>\n\n\n\n<blockquote class=\"wp-block-quote is-layout-flow wp-block-quote-is-layout-flow\">\n<p>Badania w miejscu&nbsp;pracy<\/p>\n<cite>Oszcz\u0119dzaj\u0105c czas pracownik\u00f3w w obs\u0142ugiwanych zak\u0142adach w my\u015bl starej zasady, \u017ce &#8222;czas to pieni\u0105dz&#8221;, proponujemy r\u00f3wnie\u017c okresowo wykonanie kompleksowych bada\u0144 na terenie zak\u0142adu pracy.<\/cite><\/blockquote>\n\n\n\n<blockquote class=\"wp-block-quote is-layout-flow wp-block-quote-is-layout-flow\">\n<p>Szczepienia<\/p>\n<cite>Wykonujemy r\u00f3wnie\u017c szczepienia profilaktyczne (&nbsp;<strong>WZW , r\u00f3\u017cyczka<\/strong>&nbsp;) .<br><br>W okresie jesiennym w obs\u0142ugiwanych zak\u0142adach przeprowadzamy&nbsp;<strong>szczepienia przeciw grypie<\/strong>.&nbsp;<\/cite><\/blockquote>\n\n\n\n<div class=\"wp-block-group is-nowrap is-layout-flex wp-container-core-group-is-layout-1 wp-block-group-is-layout-flex\">\n<div class=\"wp-block-columns is-layout-flex wp-container-core-columns-is-layout-3 wp-block-columns-is-layout-flex\">\n<div class=\"wp-block-column is-layout-flow wp-block-column-is-layout-flow\"><\/div>\n\n\n\n<div class=\"wp-block-column is-layout-flow wp-block-column-is-layout-flow\"><\/div>\n\n\n\n<div class=\"wp-block-column is-layout-flow wp-block-column-is-layout-flow\"><\/div>\n<\/div>\n<\/div>\n\n\n\n<p><\/p>\n","protected":false},"excerpt":{"rendered":"<p>Dbamy o zdrowie Twoich pracownik\u00f3w i rodziny Medycyna pracy i stomatologia w jednym miejscu \u2013 od 25 lat Medycyna pracy [&hellip;]<\/p>\n","protected":false},"author":1,"featured_media":0,"parent":0,"menu_order":0,"comment_status":"closed","ping_status":"open","template":"","meta":{"site-sidebar-layout":"default","site-content-layout":"","ast-site-content-layout":"default","site-content-style":"default","site-sidebar-style":"default","ast-global-header-display":"","ast-banner-title-visibility":"","ast-main-header-display":"","ast-hfb-above-header-display":"","ast-hfb-below-header-display":"","ast-hfb-mobile-header-display":"","site-post-title":"disabled","ast-breadcrumbs-content":"","ast-featured-img":"","footer-sml-layout":"","theme-transparent-header-meta":"","adv-header-id-meta":"","stick-header-meta":"","header-above-stick-meta":"","header-main-stick-meta":"","header-below-stick-meta":"","astra-migrate-meta-layouts":"default","ast-page-background-enabled":"default","ast-page-background-meta":{"desktop":{"background-color":"var(--ast-global-color-5)","background-image":"","background-repeat":"repeat","background-position":"center center","background-size":"auto","background-attachment":"scroll","background-type":"","background-media":"","overlay-type":"","overlay-color":"","overlay-opacity":"","overlay-gradient":""},"tablet":{"background-color":"","background-image":"","background-repeat":"repeat","background-position":"center center","background-size":"auto","background-attachment":"scroll","background-type":"","background-media":"","overlay-type":"","overlay-color":"","overlay-opacity":"","overlay-gradient":""},"mobile":{"background-color":"","background-image":"","background-repeat":"repeat","background-position":"center center","background-size":"auto","background-attachment":"scroll","background-type":"","background-media":"","overlay-type":"","overlay-color":"","overlay-opacity":"","overlay-gradient":""}},"ast-content-background-meta":{"desktop":{"background-color":"var(--ast-global-color-4)","background-image":"","background-repeat":"repeat","background-position":"center center","background-size":"auto","background-attachment":"scroll","background-type":"","background-media":"","overlay-type":"","overlay-color":"","overlay-opacity":"","overlay-gradient":""},"tablet":{"background-color":"var(--ast-global-color-4)","background-image":"","background-repeat":"repeat","background-position":"center center","background-size":"auto","background-attachment":"scroll","background-type":"","background-media":"","overlay-type":"","overlay-color":"","overlay-opacity":"","overlay-gradient":""},"mobile":{"background-color":"var(--ast-global-color-4)","background-image":"","background-repeat":"repeat","background-position":"center center","background-size":"auto","background-attachment":"scroll","background-type":"","background-media":"","overlay-type":"","overlay-color":"","overlay-opacity":"","overlay-gradient":""}},"footnotes":""},"class_list":["post-2","page","type-page","status-publish","hentry"],"_links":{"self":[{"href":"https:\/\/cmwola.pl\/index.php\/wp-json\/wp\/v2\/pages\/2"}],"collection":[{"href":"https:\/\/cmwola.pl\/index.php\/wp-json\/wp\/v2\/pages"}],"about":[{"href":"https:\/\/cmwola.pl\/index.php\/wp-json\/wp\/v2\/types\/page"}],"author":[{"embeddable":true,"href":"https:\/\/cmwola.pl\/index.php\/wp-json\/wp\/v2\/users\/1"}],"replies":[{"embeddable":true,"href":"https:\/\/cmwola.pl\/index.php\/wp-json\/wp\/v2\/comments?post=2"}],"version-history":[{"count":14,"href":"https:\/\/cmwola.pl\/index.php\/wp-json\/wp\/v2\/pages\/2\/revisions"}],"predecessor-version":[{"id":84,"href":"https:\/\/cmwola.pl\/index.php\/wp-json\/wp\/v2\/pages\/2\/revisions\/84"}],"wp:attachment":[{"href":"https:\/\/cmwola.pl\/index.php\/wp-json\/wp\/v2\/media?parent=2"}],"curies":[{"name":"wp","href":"https:\/\/api.w.org\/{rel}","templated":true}]}}